{"id":57,"date":"2021-04-07T07:53:56","date_gmt":"2021-04-07T07:53:56","guid":{"rendered":"https:\/\/hornborgforsamlingshus.dk\/?page_id=57"},"modified":"2026-03-29T16:07:39","modified_gmt":"2026-03-29T16:07:39","slug":"priser","status":"publish","type":"page","link":"https:\/\/hornborgforsamlingshus.dk\/?page_id=57","title":{"rendered":"Priser"},"content":{"rendered":"\t\t<div data-elementor-type=\"wp-page\" data-elementor-id=\"57\" class=\"elementor elementor-57\">\n\t\t\t\t\t\t<section class=\"elementor-section elementor-top-section elementor-element elementor-element-fdcbdd8 elementor-section-boxed elementor-section-height-default elementor-section-height-default\" data-id=\"fdcbdd8\" data-element_type=\"section\" data-e-type=\"section\">\n\t\t\t\t\t\t<div class=\"elementor-container elementor-column-gap-default\">\n\t\t\t\t\t<div class=\"elementor-column elementor-col-100 elementor-top-column elementor-element elementor-element-03a7d4b\" data-id=\"03a7d4b\" data-element_type=\"column\" data-e-type=\"column\">\n\t\t\t<div class=\"elementor-widget-wrap elementor-element-populated\">\n\t\t\t\t\t\t<div class=\"elementor-element elementor-element-3e32638 elementor-widget elementor-widget-text-editor\" data-id=\"3e32638\" data-element_type=\"widget\" data-e-type=\"widget\" data-widget_type=\"text-editor.default\">\n\t\t\t\t<div class=\"elementor-widget-container\">\n\t\t\t\t\t\t\t\t\t<h4>Hele Hus<\/h4><p>Her f\u00e5r du adgang til b\u00e5de stor og lille sal, k\u00f8kken og toiletfaciliteter. Perfekt til den store fest med plads op til 130 personer<\/p><h4>Pris 2850kr inkl milj\u00f8afgift for afhentning af madaffald<\/h4><p>Depositum <strong>1500kr<\/strong> betales ved reservation og tilbage betales, hvis huset afleveres rent og uden skad<\/p>\t\t\t\t\t\t\t\t<\/div>\n\t\t\t\t<\/div>\n\t\t\t\t\t<\/div>\n\t\t<\/div>\n\t\t\t\t\t<\/div>\n\t\t<\/section>\n\t\t\t\t<section class=\"elementor-section elementor-top-section elementor-element elementor-element-4e9b4d6 elementor-section-boxed elementor-section-height-default elementor-section-height-default\" data-id=\"4e9b4d6\" data-element_type=\"section\" data-e-type=\"section\">\n\t\t\t\t\t\t<div class=\"elementor-container elementor-column-gap-default\">\n\t\t\t\t\t<div class=\"elementor-column elementor-col-100 elementor-top-column elementor-element elementor-element-cf7b7ab\" data-id=\"cf7b7ab\" data-element_type=\"column\" data-e-type=\"column\">\n\t\t\t<div class=\"elementor-widget-wrap elementor-element-populated\">\n\t\t\t\t\t\t<div class=\"elementor-element elementor-element-02c4b90 elementor-widget elementor-widget-text-editor\" data-id=\"02c4b90\" data-element_type=\"widget\" data-e-type=\"widget\" data-widget_type=\"text-editor.default\">\n\t\t\t\t<div class=\"elementor-widget-container\">\n\t\t\t\t\t\t\t\t\t<h4>Lille sal<\/h4><p>Her f\u00e5r du adgang til lille sal, k\u00f8kken og toiletfaciliteter. Her er der plads til 40 personer.<\/p><h4>Pris 1850kr inkl milj\u00f8afgift for afhentning af madaffald<\/h4><p>Depositum <strong>1500kr\u00a0<\/strong>betales ved reservation og tilbage betales, hvis huset afleveres rent og uden skader.<\/p>\t\t\t\t\t\t\t\t<\/div>\n\t\t\t\t<\/div>\n\t\t\t\t\t<\/div>\n\t\t<\/div>\n\t\t\t\t\t<\/div>\n\t\t<\/section>\n\t\t\t\t<section class=\"elementor-section elementor-top-section elementor-element elementor-element-93446f4 elementor-section-boxed elementor-section-height-default elementor-section-height-default\" data-id=\"93446f4\" data-element_type=\"section\" data-e-type=\"section\">\n\t\t\t\t\t\t<div class=\"elementor-container elementor-column-gap-default\">\n\t\t\t\t\t<div class=\"elementor-column elementor-col-100 elementor-top-column elementor-element elementor-element-6f70d7b\" data-id=\"6f70d7b\" data-element_type=\"column\" data-e-type=\"column\">\n\t\t\t<div class=\"elementor-widget-wrap elementor-element-populated\">\n\t\t\t\t\t\t<div class=\"elementor-element elementor-element-1a8315c elementor-widget elementor-widget-text-editor\" data-id=\"1a8315c\" data-element_type=\"widget\" data-e-type=\"widget\" data-widget_type=\"text-editor.default\">\n\t\t\t\t<div class=\"elementor-widget-container\">\n\t\t\t\t\t\t\t\t\t<h4>Stor sal<\/h4><p>Her f\u00e5r du adgang til stor sal med plads til 90 personer, k\u00f8kken og toiletfaciliteter.<\/p><h4>Pris 2350kr inkl milj\u00f8afgift for afhentning af madaffald<\/h4><p>Depositum <strong>1500kr<\/strong> betales ved reservation og tilbage betales, hvis huset afleveres rent og uden skader.<\/p>\t\t\t\t\t\t\t\t<\/div>\n\t\t\t\t<\/div>\n\t\t\t\t\t<\/div>\n\t\t<\/div>\n\t\t\t\t\t<\/div>\n\t\t<\/section>\n\t\t\t\t<\/div>\n\t\t","protected":false},"excerpt":{"rendered":"<p>Hele Hus Her f\u00e5r du adgang til b\u00e5de stor og lille sal, k\u00f8kken og toiletfaciliteter. Perfekt til den store fest med plads op til 130 personer Pris 2850kr inkl milj\u00f8afgift for afhentning af madaffald Depositum 1500kr betales ved reservation og tilbage betales, hvis huset afleveres rent og uden skad Lille sal Her f\u00e5r du adgang [&hellip;]<\/p>\n","protected":false},"author":1,"featured_media":0,"parent":0,"menu_order":0,"comment_status":"closed","ping_status":"closed","template":"","meta":{"footnotes":""},"class_list":["post-57","page","type-page","status-publish","hentry"],"_links":{"self":[{"href":"https:\/\/hornborgforsamlingshus.dk\/index.php?rest_route=\/wp\/v2\/pages\/57","targetHints":{"allow":["GET"]}}],"collection":[{"href":"https:\/\/hornborgforsamlingshus.dk\/index.php?rest_route=\/wp\/v2\/pages"}],"about":[{"href":"https:\/\/hornborgforsamlingshus.dk\/index.php?rest_route=\/wp\/v2\/types\/page"}],"author":[{"embeddable":true,"href":"https:\/\/hornborgforsamlingshus.dk\/index.php?rest_route=\/wp\/v2\/users\/1"}],"replies":[{"embeddable":true,"href":"https:\/\/hornborgforsamlingshus.dk\/index.php?rest_route=%2Fwp%2Fv2%2Fcomments&post=57"}],"version-history":[{"count":31,"href":"https:\/\/hornborgforsamlingshus.dk\/index.php?rest_route=\/wp\/v2\/pages\/57\/revisions"}],"predecessor-version":[{"id":434,"href":"https:\/\/hornborgforsamlingshus.dk\/index.php?rest_route=\/wp\/v2\/pages\/57\/revisions\/434"}],"wp:attachment":[{"href":"https:\/\/hornborgforsamlingshus.dk\/index.php?rest_route=%2Fwp%2Fv2%2Fmedia&parent=57"}],"curies":[{"name":"wp","href":"https:\/\/api.w.org\/{rel}","templated":true}]}}