{"id":413,"date":"2024-03-07T15:20:50","date_gmt":"2024-03-07T15:20:50","guid":{"rendered":"https:\/\/hornborgforsamlingshus.dk\/?page_id=413"},"modified":"2024-03-07T15:21:28","modified_gmt":"2024-03-07T15:21:28","slug":"afbestillingsregler","status":"publish","type":"page","link":"https:\/\/hornborgforsamlingshus.dk\/?page_id=413","title":{"rendered":"Afbestillingsregler"},"content":{"rendered":"\t\t<div data-elementor-type=\"wp-page\" data-elementor-id=\"413\" class=\"elementor elementor-413\">\n\t\t\t\t\t\t<section class=\"elementor-section elementor-top-section elementor-element elementor-element-2b3f316 elementor-section-boxed elementor-section-height-default elementor-section-height-default\" data-id=\"2b3f316\" data-element_type=\"section\" data-e-type=\"section\">\n\t\t\t\t\t\t<div class=\"elementor-container elementor-column-gap-default\">\n\t\t\t\t\t<div class=\"elementor-column elementor-col-100 elementor-top-column elementor-element elementor-element-a2b9da5\" data-id=\"a2b9da5\" data-element_type=\"column\" data-e-type=\"column\">\n\t\t\t<div class=\"elementor-widget-wrap elementor-element-populated\">\n\t\t\t\t\t\t<div class=\"elementor-element elementor-element-738a75f elementor-widget elementor-widget-text-editor\" data-id=\"738a75f\" data-element_type=\"widget\" data-e-type=\"widget\" data-widget_type=\"text-editor.default\">\n\t\t\t\t<div class=\"elementor-widget-container\">\n\t\t\t\t\t\t\t\t\t<p>AFBESTILLINGSREGLER :<br>N\u00e5r en lejeaftale er indg\u00e5et, og underskrevet af begge parter, er den som udgangspunkt bindende.<br>Ved aflysning mindre end 60 dage f\u00f8r lejedatoen er lejen tabt.<br>Ved aflysning mere end 60 dage f\u00f8r lejedatoen, tilbagebetales det indbetalte bel\u00f8b minus depositum.<br>Ved Corona restriktioner udstedt af Regeringen\/Myndigheder bortfalder ovenn\u00e6vnte regler.<\/p>\t\t\t\t\t\t\t\t<\/div>\n\t\t\t\t<\/div>\n\t\t\t\t\t<\/div>\n\t\t<\/div>\n\t\t\t\t\t<\/div>\n\t\t<\/section>\n\t\t\t\t<\/div>\n\t\t","protected":false},"excerpt":{"rendered":"<p>AFBESTILLINGSREGLER :N\u00e5r en lejeaftale er indg\u00e5et, og underskrevet af begge parter, er den som udgangspunkt bindende.Ved aflysning mindre end 60 dage f\u00f8r lejedatoen er lejen tabt.Ved aflysning mere end 60 dage f\u00f8r lejedatoen, tilbagebetales det indbetalte bel\u00f8b minus depositum.Ved Corona restriktioner udstedt af Regeringen\/Myndigheder bortfalder ovenn\u00e6vnte regler.<\/p>\n","protected":false},"author":1,"featured_media":0,"parent":0,"menu_order":0,"comment_status":"closed","ping_status":"closed","template":"","meta":{"footnotes":""},"class_list":["post-413","page","type-page","status-publish","hentry"],"_links":{"self":[{"href":"https:\/\/hornborgforsamlingshus.dk\/index.php?rest_route=\/wp\/v2\/pages\/413","targetHints":{"allow":["GET"]}}],"collection":[{"href":"https:\/\/hornborgforsamlingshus.dk\/index.php?rest_route=\/wp\/v2\/pages"}],"about":[{"href":"https:\/\/hornborgforsamlingshus.dk\/index.php?rest_route=\/wp\/v2\/types\/page"}],"author":[{"embeddable":true,"href":"https:\/\/hornborgforsamlingshus.dk\/index.php?rest_route=\/wp\/v2\/users\/1"}],"replies":[{"embeddable":true,"href":"https:\/\/hornborgforsamlingshus.dk\/index.php?rest_route=%2Fwp%2Fv2%2Fcomments&post=413"}],"version-history":[{"count":5,"href":"https:\/\/hornborgforsamlingshus.dk\/index.php?rest_route=\/wp\/v2\/pages\/413\/revisions"}],"predecessor-version":[{"id":418,"href":"https:\/\/hornborgforsamlingshus.dk\/index.php?rest_route=\/wp\/v2\/pages\/413\/revisions\/418"}],"wp:attachment":[{"href":"https:\/\/hornborgforsamlingshus.dk\/index.php?rest_route=%2Fwp%2Fv2%2Fmedia&parent=413"}],"curies":[{"name":"wp","href":"https:\/\/api.w.org\/{rel}","templated":true}]}}