{"id":296,"date":"2021-09-11T06:27:48","date_gmt":"2021-09-11T06:27:48","guid":{"rendered":"https:\/\/hornborgforsamlingshus.dk\/?page_id=296"},"modified":"2021-09-11T06:44:04","modified_gmt":"2021-09-11T06:44:04","slug":"til-boern","status":"publish","type":"page","link":"https:\/\/hornborgforsamlingshus.dk\/?page_id=296","title":{"rendered":"Til b\u00f8rn"},"content":{"rendered":"\t\t<div data-elementor-type=\"wp-page\" data-elementor-id=\"296\" class=\"elementor elementor-296\">\n\t\t\t\t\t\t<section class=\"elementor-section elementor-top-section elementor-element elementor-element-7b7994e elementor-section-boxed elementor-section-height-default elementor-section-height-default\" data-id=\"7b7994e\" data-element_type=\"section\" data-e-type=\"section\">\n\t\t\t\t\t\t<div class=\"elementor-container elementor-column-gap-default\">\n\t\t\t\t\t<div class=\"elementor-column elementor-col-50 elementor-top-column elementor-element elementor-element-062addb\" data-id=\"062addb\" data-element_type=\"column\" data-e-type=\"column\">\n\t\t\t<div class=\"elementor-widget-wrap elementor-element-populated\">\n\t\t\t\t\t\t<div class=\"elementor-element elementor-element-feaa114 elementor-widget elementor-widget-image\" data-id=\"feaa114\" data-element_type=\"widget\" data-e-type=\"widget\" data-widget_type=\"image.default\">\n\t\t\t\t<div class=\"elementor-widget-container\">\n\t\t\t\t\t\t\t\t\t\t\t\t\t\t\t<img fetchpriority=\"high\" decoding=\"async\" width=\"580\" height=\"435\" src=\"https:\/\/hornborgforsamlingshus.dk\/wp-content\/uploads\/2021\/09\/IMG-2530-1024x768.jpg\" class=\"attachment-large size-large wp-image-298\" alt=\"\" srcset=\"https:\/\/hornborgforsamlingshus.dk\/wp-content\/uploads\/2021\/09\/IMG-2530-1024x768.jpg 1024w, https:\/\/hornborgforsamlingshus.dk\/wp-content\/uploads\/2021\/09\/IMG-2530-300x225.jpg 300w, https:\/\/hornborgforsamlingshus.dk\/wp-content\/uploads\/2021\/09\/IMG-2530-768x576.jpg 768w, https:\/\/hornborgforsamlingshus.dk\/wp-content\/uploads\/2021\/09\/IMG-2530-1536x1152.jpg 1536w, https:\/\/hornborgforsamlingshus.dk\/wp-content\/uploads\/2021\/09\/IMG-2530-2048x1536.jpg 2048w, https:\/\/hornborgforsamlingshus.dk\/wp-content\/uploads\/2021\/09\/IMG-2530-1200x900.jpg 1200w, https:\/\/hornborgforsamlingshus.dk\/wp-content\/uploads\/2021\/09\/IMG-2530-1980x1485.jpg 1980w\" sizes=\"(max-width: 580px) 100vw, 580px\" \/>\t\t\t\t\t\t\t\t\t\t\t\t\t\t\t<\/div>\n\t\t\t\t<\/div>\n\t\t\t\t\t<\/div>\n\t\t<\/div>\n\t\t\t\t<div class=\"elementor-column elementor-col-50 elementor-top-column elementor-element elementor-element-e678bd3\" data-id=\"e678bd3\" data-element_type=\"column\" data-e-type=\"column\">\n\t\t\t<div class=\"elementor-widget-wrap elementor-element-populated\">\n\t\t\t\t\t\t<div class=\"elementor-element elementor-element-d410404 elementor-widget elementor-widget-text-editor\" data-id=\"d410404\" data-element_type=\"widget\" data-e-type=\"widget\" data-widget_type=\"text-editor.default\">\n\t\t\t\t<div class=\"elementor-widget-container\">\n\t\t\t\t\t\t\t\t\t<p><span style=\"color: #000000;\">Ca 50m fra forsamlingshuset ligger byens sportsplads med 2 trampoliner, multibane, multihytte og basketplads til fri afbenyttelse. OBS robotpl\u00e6neklipper ikke er leget\u00f8j. Benyttes p\u00e5 eget ansvar.<\/span><\/p>\t\t\t\t\t\t\t\t<\/div>\n\t\t\t\t<\/div>\n\t\t\t\t\t<\/div>\n\t\t<\/div>\n\t\t\t\t\t<\/div>\n\t\t<\/section>\n\t\t\t\t<section class=\"elementor-section elementor-top-section elementor-element elementor-element-6e3f7b2 elementor-section-boxed elementor-section-height-default elementor-section-height-default\" data-id=\"6e3f7b2\" data-element_type=\"section\" data-e-type=\"section\">\n\t\t\t\t\t\t<div class=\"elementor-container elementor-column-gap-default\">\n\t\t\t\t\t<div class=\"elementor-column elementor-col-33 elementor-top-column elementor-element elementor-element-a7d10f1\" data-id=\"a7d10f1\" data-element_type=\"column\" data-e-type=\"column\">\n\t\t\t<div class=\"elementor-widget-wrap elementor-element-populated\">\n\t\t\t\t\t\t<div class=\"elementor-element elementor-element-45add12 elementor-widget elementor-widget-image\" data-id=\"45add12\" data-element_type=\"widget\" data-e-type=\"widget\" data-widget_type=\"image.default\">\n\t\t\t\t<div class=\"elementor-widget-container\">\n\t\t\t\t\t\t\t\t\t\t\t\t\t\t\t<img decoding=\"async\" width=\"580\" height=\"435\" src=\"https:\/\/hornborgforsamlingshus.dk\/wp-content\/uploads\/2021\/08\/IMG-2029-1024x768.jpg\" class=\"attachment-large size-large wp-image-267\" alt=\"\" srcset=\"https:\/\/hornborgforsamlingshus.dk\/wp-content\/uploads\/2021\/08\/IMG-2029-1024x768.jpg 1024w, https:\/\/hornborgforsamlingshus.dk\/wp-content\/uploads\/2021\/08\/IMG-2029-300x225.jpg 300w, https:\/\/hornborgforsamlingshus.dk\/wp-content\/uploads\/2021\/08\/IMG-2029-768x576.jpg 768w, https:\/\/hornborgforsamlingshus.dk\/wp-content\/uploads\/2021\/08\/IMG-2029-1536x1152.jpg 1536w, https:\/\/hornborgforsamlingshus.dk\/wp-content\/uploads\/2021\/08\/IMG-2029-2048x1536.jpg 2048w, https:\/\/hornborgforsamlingshus.dk\/wp-content\/uploads\/2021\/08\/IMG-2029-1200x900.jpg 1200w, https:\/\/hornborgforsamlingshus.dk\/wp-content\/uploads\/2021\/08\/IMG-2029-1980x1485.jpg 1980w\" sizes=\"(max-width: 580px) 100vw, 580px\" \/>\t\t\t\t\t\t\t\t\t\t\t\t\t\t\t<\/div>\n\t\t\t\t<\/div>\n\t\t\t\t\t<\/div>\n\t\t<\/div>\n\t\t\t\t<div class=\"elementor-column elementor-col-33 elementor-top-column elementor-element elementor-element-3ae8f5e\" data-id=\"3ae8f5e\" data-element_type=\"column\" data-e-type=\"column\">\n\t\t\t<div class=\"elementor-widget-wrap elementor-element-populated\">\n\t\t\t\t\t\t<div class=\"elementor-element elementor-element-eea8868 elementor-widget elementor-widget-image\" data-id=\"eea8868\" data-element_type=\"widget\" data-e-type=\"widget\" data-widget_type=\"image.default\">\n\t\t\t\t<div class=\"elementor-widget-container\">\n\t\t\t\t\t\t\t\t\t\t\t\t\t\t\t<img decoding=\"async\" width=\"580\" height=\"773\" src=\"https:\/\/hornborgforsamlingshus.dk\/wp-content\/uploads\/2021\/08\/IMG-2024-768x1024.jpg\" class=\"attachment-large size-large wp-image-269\" alt=\"\" srcset=\"https:\/\/hornborgforsamlingshus.dk\/wp-content\/uploads\/2021\/08\/IMG-2024-768x1024.jpg 768w, https:\/\/hornborgforsamlingshus.dk\/wp-content\/uploads\/2021\/08\/IMG-2024-225x300.jpg 225w, https:\/\/hornborgforsamlingshus.dk\/wp-content\/uploads\/2021\/08\/IMG-2024-1152x1536.jpg 1152w, https:\/\/hornborgforsamlingshus.dk\/wp-content\/uploads\/2021\/08\/IMG-2024-1536x2048.jpg 1536w, https:\/\/hornborgforsamlingshus.dk\/wp-content\/uploads\/2021\/08\/IMG-2024-1200x1600.jpg 1200w, https:\/\/hornborgforsamlingshus.dk\/wp-content\/uploads\/2021\/08\/IMG-2024-1980x2640.jpg 1980w, https:\/\/hornborgforsamlingshus.dk\/wp-content\/uploads\/2021\/08\/IMG-2024-scaled.jpg 1920w\" sizes=\"(max-width: 580px) 100vw, 580px\" \/>\t\t\t\t\t\t\t\t\t\t\t\t\t\t\t<\/div>\n\t\t\t\t<\/div>\n\t\t\t\t\t<\/div>\n\t\t<\/div>\n\t\t\t\t<div class=\"elementor-column elementor-col-33 elementor-top-column elementor-element elementor-element-eeb4d4e\" data-id=\"eeb4d4e\" data-element_type=\"column\" data-e-type=\"column\">\n\t\t\t<div class=\"elementor-widget-wrap elementor-element-populated\">\n\t\t\t\t\t\t<div class=\"elementor-element elementor-element-8c821a4 elementor-widget elementor-widget-text-editor\" data-id=\"8c821a4\" data-element_type=\"widget\" data-e-type=\"widget\" data-widget_type=\"text-editor.default\">\n\t\t\t\t<div class=\"elementor-widget-container\">\n\t\t\t\t\t\t\t\t\t<p><span style=\"color: #000000;\">I forsamlingshuset findes der forskellige spil til is\u00e6r b\u00f8rn. Kan lejes med for 75kr. Billeder er eksempler til det vi har.<\/span><\/p><p><span style=\"color: #000000;\">OBS dartpil er ikke leget\u00f8j til sm\u00e5 b\u00f8rn. Skal kun bruges under opsyn af en voksen<\/span><\/p>\t\t\t\t\t\t\t\t<\/div>\n\t\t\t\t<\/div>\n\t\t\t\t\t<\/div>\n\t\t<\/div>\n\t\t\t\t\t<\/div>\n\t\t<\/section>\n\t\t\t\t<section class=\"elementor-section elementor-top-section elementor-element elementor-element-48e0937 elementor-section-boxed elementor-section-height-default elementor-section-height-default\" data-id=\"48e0937\" data-element_type=\"section\" data-e-type=\"section\">\n\t\t\t\t\t\t<div class=\"elementor-container elementor-column-gap-default\">\n\t\t\t\t\t<div class=\"elementor-column elementor-col-25 elementor-top-column elementor-element elementor-element-63e3e2f\" data-id=\"63e3e2f\" data-element_type=\"column\" data-e-type=\"column\">\n\t\t\t<div class=\"elementor-widget-wrap elementor-element-populated\">\n\t\t\t\t\t\t<div class=\"elementor-element elementor-element-586fe4d elementor-widget elementor-widget-image\" data-id=\"586fe4d\" data-element_type=\"widget\" data-e-type=\"widget\" data-widget_type=\"image.default\">\n\t\t\t\t<div class=\"elementor-widget-container\">\n\t\t\t\t\t\t\t\t\t\t\t\t\t\t\t<img loading=\"lazy\" decoding=\"async\" width=\"580\" height=\"773\" src=\"https:\/\/hornborgforsamlingshus.dk\/wp-content\/uploads\/2021\/08\/IMG-2025-768x1024.jpg\" class=\"attachment-large size-large wp-image-268\" alt=\"\" srcset=\"https:\/\/hornborgforsamlingshus.dk\/wp-content\/uploads\/2021\/08\/IMG-2025-768x1024.jpg 768w, https:\/\/hornborgforsamlingshus.dk\/wp-content\/uploads\/2021\/08\/IMG-2025-225x300.jpg 225w, https:\/\/hornborgforsamlingshus.dk\/wp-content\/uploads\/2021\/08\/IMG-2025-1152x1536.jpg 1152w, https:\/\/hornborgforsamlingshus.dk\/wp-content\/uploads\/2021\/08\/IMG-2025-1536x2048.jpg 1536w, https:\/\/hornborgforsamlingshus.dk\/wp-content\/uploads\/2021\/08\/IMG-2025-1200x1600.jpg 1200w, https:\/\/hornborgforsamlingshus.dk\/wp-content\/uploads\/2021\/08\/IMG-2025-1980x2640.jpg 1980w, https:\/\/hornborgforsamlingshus.dk\/wp-content\/uploads\/2021\/08\/IMG-2025-scaled.jpg 1920w\" sizes=\"(max-width: 580px) 100vw, 580px\" \/>\t\t\t\t\t\t\t\t\t\t\t\t\t\t\t<\/div>\n\t\t\t\t<\/div>\n\t\t\t\t\t<\/div>\n\t\t<\/div>\n\t\t\t\t<div class=\"elementor-column elementor-col-25 elementor-top-column elementor-element elementor-element-016e925\" data-id=\"016e925\" data-element_type=\"column\" data-e-type=\"column\">\n\t\t\t<div class=\"elementor-widget-wrap elementor-element-populated\">\n\t\t\t\t\t\t<div class=\"elementor-element elementor-element-4553481 elementor-widget elementor-widget-image\" data-id=\"4553481\" data-element_type=\"widget\" data-e-type=\"widget\" data-widget_type=\"image.default\">\n\t\t\t\t<div class=\"elementor-widget-container\">\n\t\t\t\t\t\t\t\t\t\t\t\t\t\t\t<img loading=\"lazy\" decoding=\"async\" width=\"580\" height=\"773\" src=\"https:\/\/hornborgforsamlingshus.dk\/wp-content\/uploads\/2021\/08\/IMG-2030-768x1024.jpg\" class=\"attachment-large size-large wp-image-266\" alt=\"\" srcset=\"https:\/\/hornborgforsamlingshus.dk\/wp-content\/uploads\/2021\/08\/IMG-2030-768x1024.jpg 768w, https:\/\/hornborgforsamlingshus.dk\/wp-content\/uploads\/2021\/08\/IMG-2030-225x300.jpg 225w, https:\/\/hornborgforsamlingshus.dk\/wp-content\/uploads\/2021\/08\/IMG-2030-1152x1536.jpg 1152w, https:\/\/hornborgforsamlingshus.dk\/wp-content\/uploads\/2021\/08\/IMG-2030-1536x2048.jpg 1536w, https:\/\/hornborgforsamlingshus.dk\/wp-content\/uploads\/2021\/08\/IMG-2030-1200x1600.jpg 1200w, https:\/\/hornborgforsamlingshus.dk\/wp-content\/uploads\/2021\/08\/IMG-2030-1980x2640.jpg 1980w, https:\/\/hornborgforsamlingshus.dk\/wp-content\/uploads\/2021\/08\/IMG-2030-scaled.jpg 1920w\" sizes=\"(max-width: 580px) 100vw, 580px\" \/>\t\t\t\t\t\t\t\t\t\t\t\t\t\t\t<\/div>\n\t\t\t\t<\/div>\n\t\t\t\t\t<\/div>\n\t\t<\/div>\n\t\t\t\t<div class=\"elementor-column elementor-col-25 elementor-top-column elementor-element elementor-element-2604148\" data-id=\"2604148\" data-element_type=\"column\" data-e-type=\"column\">\n\t\t\t<div class=\"elementor-widget-wrap elementor-element-populated\">\n\t\t\t\t\t\t<div class=\"elementor-element elementor-element-5aecaaf elementor-widget elementor-widget-image\" data-id=\"5aecaaf\" data-element_type=\"widget\" data-e-type=\"widget\" data-widget_type=\"image.default\">\n\t\t\t\t<div class=\"elementor-widget-container\">\n\t\t\t\t\t\t\t\t\t\t\t\t\t\t\t<img loading=\"lazy\" decoding=\"async\" width=\"580\" height=\"773\" src=\"https:\/\/hornborgforsamlingshus.dk\/wp-content\/uploads\/2021\/08\/IMG-2032-768x1024.jpg\" class=\"attachment-large size-large wp-image-265\" alt=\"\" srcset=\"https:\/\/hornborgforsamlingshus.dk\/wp-content\/uploads\/2021\/08\/IMG-2032-768x1024.jpg 768w, https:\/\/hornborgforsamlingshus.dk\/wp-content\/uploads\/2021\/08\/IMG-2032-225x300.jpg 225w, https:\/\/hornborgforsamlingshus.dk\/wp-content\/uploads\/2021\/08\/IMG-2032-1152x1536.jpg 1152w, https:\/\/hornborgforsamlingshus.dk\/wp-content\/uploads\/2021\/08\/IMG-2032-1536x2048.jpg 1536w, https:\/\/hornborgforsamlingshus.dk\/wp-content\/uploads\/2021\/08\/IMG-2032-1200x1600.jpg 1200w, https:\/\/hornborgforsamlingshus.dk\/wp-content\/uploads\/2021\/08\/IMG-2032-1980x2640.jpg 1980w, https:\/\/hornborgforsamlingshus.dk\/wp-content\/uploads\/2021\/08\/IMG-2032-scaled.jpg 1920w\" sizes=\"(max-width: 580px) 100vw, 580px\" \/>\t\t\t\t\t\t\t\t\t\t\t\t\t\t\t<\/div>\n\t\t\t\t<\/div>\n\t\t\t\t\t<\/div>\n\t\t<\/div>\n\t\t\t\t<div class=\"elementor-column elementor-col-25 elementor-top-column elementor-element elementor-element-6c316c9\" data-id=\"6c316c9\" data-element_type=\"column\" data-e-type=\"column\">\n\t\t\t<div class=\"elementor-widget-wrap elementor-element-populated\">\n\t\t\t\t\t\t<div class=\"elementor-element elementor-element-e0bc98a elementor-widget elementor-widget-text-editor\" data-id=\"e0bc98a\" data-element_type=\"widget\" data-e-type=\"widget\" data-widget_type=\"text-editor.default\">\n\t\t\t\t<div class=\"elementor-widget-container\">\n\t\t\t\t\t\t\t\t\t<p><span style=\"color: #000000;\">Pas godt p\u00e5 vores ting s\u00e5 de n\u00e6ste lejer ogs\u00e5 f\u00e5r gavn af det.<\/span><\/p>\t\t\t\t\t\t\t\t<\/div>\n\t\t\t\t<\/div>\n\t\t\t\t\t<\/div>\n\t\t<\/div>\n\t\t\t\t\t<\/div>\n\t\t<\/section>\n\t\t\t\t<\/div>\n\t\t","protected":false},"excerpt":{"rendered":"<p>Ca 50m fra forsamlingshuset ligger byens sportsplads med 2 trampoliner, multibane, multihytte og basketplads til fri afbenyttelse. OBS robotpl\u00e6neklipper ikke er leget\u00f8j. Benyttes p\u00e5 eget ansvar. I forsamlingshuset findes der forskellige spil til is\u00e6r b\u00f8rn. Kan lejes med for 75kr. Billeder er eksempler til det vi har. OBS dartpil er ikke leget\u00f8j til sm\u00e5 b\u00f8rn. [&hellip;]<\/p>\n","protected":false},"author":1,"featured_media":0,"parent":0,"menu_order":0,"comment_status":"closed","ping_status":"closed","template":"","meta":{"footnotes":""},"class_list":["post-296","page","type-page","status-publish","hentry"],"_links":{"self":[{"href":"https:\/\/hornborgforsamlingshus.dk\/index.php?rest_route=\/wp\/v2\/pages\/296","targetHints":{"allow":["GET"]}}],"collection":[{"href":"https:\/\/hornborgforsamlingshus.dk\/index.php?rest_route=\/wp\/v2\/pages"}],"about":[{"href":"https:\/\/hornborgforsamlingshus.dk\/index.php?rest_route=\/wp\/v2\/types\/page"}],"author":[{"embeddable":true,"href":"https:\/\/hornborgforsamlingshus.dk\/index.php?rest_route=\/wp\/v2\/users\/1"}],"replies":[{"embeddable":true,"href":"https:\/\/hornborgforsamlingshus.dk\/index.php?rest_route=%2Fwp%2Fv2%2Fcomments&post=296"}],"version-history":[{"count":7,"href":"https:\/\/hornborgforsamlingshus.dk\/index.php?rest_route=\/wp\/v2\/pages\/296\/revisions"}],"predecessor-version":[{"id":305,"href":"https:\/\/hornborgforsamlingshus.dk\/index.php?rest_route=\/wp\/v2\/pages\/296\/revisions\/305"}],"wp:attachment":[{"href":"https:\/\/hornborgforsamlingshus.dk\/index.php?rest_route=%2Fwp%2Fv2%2Fmedia&parent=296"}],"curies":[{"name":"wp","href":"https:\/\/api.w.org\/{rel}","templated":true}]}}