{"id":246,"date":"2021-05-26T10:16:13","date_gmt":"2021-05-26T10:16:13","guid":{"rendered":"https:\/\/hornborgforsamlingshus.dk\/?page_id=246"},"modified":"2023-03-13T14:08:53","modified_gmt":"2023-03-13T14:08:53","slug":"vedtaegter","status":"publish","type":"page","link":"https:\/\/hornborgforsamlingshus.dk\/?page_id=246","title":{"rendered":"Vedt\u00e6gter"},"content":{"rendered":"\t\t<div data-elementor-type=\"wp-page\" data-elementor-id=\"246\" class=\"elementor elementor-246\">\n\t\t\t\t\t\t<section class=\"elementor-section elementor-top-section elementor-element elementor-element-70c9d111 elementor-section-boxed elementor-section-height-default elementor-section-height-default\" data-id=\"70c9d111\" data-element_type=\"section\" data-e-type=\"section\">\n\t\t\t\t\t\t<div class=\"elementor-container elementor-column-gap-default\">\n\t\t\t\t\t<div class=\"elementor-column elementor-col-100 elementor-top-column elementor-element elementor-element-1369ef6c\" data-id=\"1369ef6c\" data-element_type=\"column\" data-e-type=\"column\">\n\t\t\t<div class=\"elementor-widget-wrap elementor-element-populated\">\n\t\t\t\t\t\t<div class=\"elementor-element elementor-element-57efefa5 elementor-widget elementor-widget-text-editor\" data-id=\"57efefa5\" data-element_type=\"widget\" data-e-type=\"widget\" data-widget_type=\"text-editor.default\">\n\t\t\t\t<div class=\"elementor-widget-container\">\n\t\t\t\t\t\t\t\t\t\n<p><strong>Vedt\u00e6gter for den selvejende institution Hornborg Forsamlingshus<\/strong><\/p>\n\n<p><strong>\u00a7 1 Navn og hjemsted<\/strong><\/p>\n\n<p>Institutionens navn er HORNBORG FORSAMLINGSHUS. Dets hjemsted er Hornborg, 8762 Flemming. Institutionen Hornborg Forsamlingshus med tilh\u00f8rende grund matr. 22K Hornborg by og sogn, samt \u00f8vrige aktiver og passiver, overtaget fra andelsselskabet Hornborg Forsamlingshus, er selvejende.<\/p>\n\n<p><strong>\u00a7 2 Institutionens form\u00e5l<\/strong><\/p>\n\n<p>Forsamlingshusets form\u00e5l er at virke for lokalsamfundet, herunder at drive forsamlingshuset, dels som sociale og kulturelle aktiviteter i lokalsamfundet generelt, dels med udlejning til private fester, samt arrangere forsamlingshusets egne arrangementer. Overskuddet falder udelukkende til forsamlingshuset.<\/p>\n\n<p><strong>\u00a7 3 Kapitalforhold<\/strong><\/p>\n\n<p>Institutionen overtog samtlige aktiver og passiver fra andelsselskabet Hornborg Forsamlingshus. Medlemmer har ingen andel i institutionens formue eller eventuelle driftsoverskud, ligesom de heller ikke h\u00e6fter for institutionens g\u00e6ld eller driftsunderskud.<\/p>\n\n<p><strong>\u00a74 Medlemmer<\/strong><\/p>\n\n<p>Medlemmer som kan optages, er alle myndige personer i Hornborg sogn, samt personer der efter generalforsamlingens opfattelse, kan antages at have tilknytning til lokalsamfundet. Medlemsskab er personlig og kan ikke overdrages. Alle medlemmer har stemmeret p\u00e5 generalforsamlingen og er valgbare til bestyrelsen. Der skal f\u00f8res protokol over bestyrelsens medlemmer.<\/p>\n\n<p><strong>\u00a75 Generalforsamlingen<\/strong><\/p>\n\n<p>Institutionens \u00f8verste myndighed er generalforsamlingen, der afholdes i forsamlingshuset en gang \u00e5rligt, inden udgangen af februar. Indkaldelse til generalforsamlingen skal ske ved annoncering p\u00e5 Hornborg&#8217;s facebookside og i forsamlingshusets udh\u00e6ng med mindst 14 dages varsel, med angivelse af dagsorden, s\u00e5fremt den afviger fra den nedenfor angivende.<\/p>\n\n<ol class=\"wp-block-list\">\n<li>Valg af dirigent<\/li>\n<li>Formandens beretning og godkendelse heraf<\/li>\n<li>Afl\u00e6ggelse af revideret regnskab og godkendelse heraf<\/li>\n<li>Valg af bestyrelse<\/li>\n<li>Valg af suppleanter<\/li>\n<li>Valg af revisor<\/li>\n<li>Evt.<\/li>\n<\/ol>\n\n<p><strong>\u00a7 5a\u00a0<\/strong><\/p>\n\n<p>Forslag, der af medlemmer \u00f8nskes behandlet p\u00e5 den ordin\u00e6re generalforsamling skal v\u00e6re bestyrelsen i h\u00e6nde senest 1 uge forud for generalforsamlingen. Alle beslutninger afg\u00f8res ved simpelt stemmeflertal blandt de afgivne stemmer. S\u00e5fremt dirigenten eller en blandt forsamlingen kr\u00e6ver det, skal afstemningen ske skriftligt.<\/p>\n\n<p><strong>\u00a7 5b<\/strong><\/p>\n\n<p>Ekstraordin\u00e6r generalforsamling afholdes, n\u00e5r bestyrelsen finder anledning dertil, eller n\u00e5r mindst 20 medlemmer skriftligt over for bestyrelsen frems\u00e6tter anmodning herom, og den kan afholdes ifm. den ordin\u00e6re generalforsamling samme dag. S\u00e5vel ordin\u00e6r som ekstraordin\u00e6r generalforsamlingen indkaldes ved bekendtg\u00f8relse i den lokale presse med mindst 14 dages varsel. Generalforsamlingen er beslutningsdygtig uden hensyn til det m\u00f8dende antal. Beslutning tr\u00e6ffes ved simpelt stemmeflertal jfr. \u00a75a dog jfr. \u00a78.<\/p>\n\n<p><strong>\u00a7 6 Bestyrelsen<\/strong><\/p>\n\n<p>Bestyrelsen best\u00e5r af minimum 5 medlemmer og 2 suppleanter. Derud over v\u00e6lges der 1 revisorer. Bestyrelsens medlemmer og revisor v\u00e6lges for 2 \u00e5r af gangen. I det den st\u00f8rste eller mindre del afg\u00e5r skiftevis. Et lige antal i lige \u00e5rstal og et ulige antal i de ulige \u00e5rstal. Suppleanter v\u00e6lges ligeledes for 2 \u00e5r af gangen. Den f\u00f8rste gang tr\u00e6kkes der lod om, hvem der tr\u00e6der ud og dette skrives i protokollen. Bestyrelsen konstituerer sig selv med formanden, n\u00e6stformand, samt evt. medlemmer til underudvalg. Bestyrelsen afholder m\u00f8de s\u00e5 ofte som formand eller 3 medlemmer \u00f8nsker det. Dens beslutninger afg\u00f8res ved almindelig stemmeflertal. I tilf\u00e6lde af stemmelighed er formandens eller i dennes frav\u00e6r n\u00e6stformandens stemme afg\u00f8rende. Bestyrelsen er beslutningsdygtig, n\u00e5r mindst 4 medlemmer er til stede og det p\u00e5 bestyrelsesm\u00f8derne passerede f\u00f8res til protokol, der underskrives af de deltagende medlemmer. Bestyrelsen er ansvarlig for Forsamlingshusets drift og vedligeholdelse, samt for at der er tegnet forsvarlige forsikringer p\u00e5 bygninger og inventar, samt ansvarsforsikring.<\/p>\n\n<p><strong>\u00a7 7 Tegningsregel<\/strong><\/p>\n\n<p>Der f\u00f8res referat fra bestyrelsesm\u00f8derne &#8211; disse godkendes af bestyrelsen p\u00e5 det n\u00e6stkommende bestyrelsesm\u00f8de. Ved k\u00f8b, salg og pants\u00e6tning af fast ejendom samt nye l\u00e5neoptagelser tegnes institutionen dog den samlede bestyrelse.<\/p>\n\n<p><strong>\u00a7 8 Vedt\u00e6gts\u00e6ndringer<\/strong><\/p>\n\n<p>\u00c6ndringer i vedt\u00e6gter kan foretages p\u00e5 generalforsamlingen, med mindst \u2154 del af de afgivne stemmer. Dette skal dog varsles i dagspressen 14 dage f\u00f8r. Efter samme regel kan institutionen opl\u00f8ses, dog s\u00e5ledes at den selvejende institutions midler ved opl\u00f8sning anvendes til kulturelle form\u00e5l i Hornborg sogn efter generalforsamlingens n\u00e6rmere beslutning.<\/p>\n\n<p><strong>\u00a7 9 Regnskabs\u00e5ret<\/strong><\/p>\n\n<p>Institutions regnskabs\u00e5r er kalender\u00e5r. Dvs. 0101xx-3112xx.<\/p>\n\n<p>Vedtaget p\u00e5 generalforsamlingen den 23.02.2023<\/p>\n\t\t\t\t\t\t\t\t<\/div>\n\t\t\t\t<\/div>\n\t\t\t\t\t<\/div>\n\t\t<\/div>\n\t\t\t\t\t<\/div>\n\t\t<\/section>\n\t\t\t\t<\/div>\n\t\t","protected":false},"excerpt":{"rendered":"<p>Vedt\u00e6gter for den selvejende institution Hornborg Forsamlingshus \u00a7 1 Navn og hjemsted Institutionens navn er HORNBORG FORSAMLINGSHUS. Dets hjemsted er Hornborg, 8762 Flemming. Institutionen Hornborg Forsamlingshus med tilh\u00f8rende grund matr. 22K Hornborg by og sogn, samt \u00f8vrige aktiver og passiver, overtaget fra andelsselskabet Hornborg Forsamlingshus, er selvejende. \u00a7 2 Institutionens form\u00e5l Forsamlingshusets form\u00e5l er at [&hellip;]<\/p>\n","protected":false},"author":1,"featured_media":0,"parent":0,"menu_order":0,"comment_status":"closed","ping_status":"closed","template":"","meta":{"footnotes":""},"class_list":["post-246","page","type-page","status-publish","hentry"],"_links":{"self":[{"href":"https:\/\/hornborgforsamlingshus.dk\/index.php?rest_route=\/wp\/v2\/pages\/246","targetHints":{"allow":["GET"]}}],"collection":[{"href":"https:\/\/hornborgforsamlingshus.dk\/index.php?rest_route=\/wp\/v2\/pages"}],"about":[{"href":"https:\/\/hornborgforsamlingshus.dk\/index.php?rest_route=\/wp\/v2\/types\/page"}],"author":[{"embeddable":true,"href":"https:\/\/hornborgforsamlingshus.dk\/index.php?rest_route=\/wp\/v2\/users\/1"}],"replies":[{"embeddable":true,"href":"https:\/\/hornborgforsamlingshus.dk\/index.php?rest_route=%2Fwp%2Fv2%2Fcomments&post=246"}],"version-history":[{"count":8,"href":"https:\/\/hornborgforsamlingshus.dk\/index.php?rest_route=\/wp\/v2\/pages\/246\/revisions"}],"predecessor-version":[{"id":373,"href":"https:\/\/hornborgforsamlingshus.dk\/index.php?rest_route=\/wp\/v2\/pages\/246\/revisions\/373"}],"wp:attachment":[{"href":"https:\/\/hornborgforsamlingshus.dk\/index.php?rest_route=%2Fwp%2Fv2%2Fmedia&parent=246"}],"curies":[{"name":"wp","href":"https:\/\/api.w.org\/{rel}","templated":true}]}}