{"id":216,"date":"2021-04-10T14:38:58","date_gmt":"2021-04-10T14:38:58","guid":{"rendered":"https:\/\/hornborgforsamlingshus.dk\/?page_id=216"},"modified":"2023-03-07T18:57:50","modified_gmt":"2023-03-07T18:57:50","slug":"vigtige-informationer","status":"publish","type":"page","link":"https:\/\/hornborgforsamlingshus.dk\/?page_id=216","title":{"rendered":"Til lejerne"},"content":{"rendered":"\t\t<div data-elementor-type=\"wp-page\" data-elementor-id=\"216\" class=\"elementor elementor-216\">\n\t\t\t\t\t\t<section class=\"elementor-section elementor-top-section elementor-element elementor-element-4dcb8130 elementor-section-boxed elementor-section-height-default elementor-section-height-default\" data-id=\"4dcb8130\" data-element_type=\"section\" data-e-type=\"section\">\n\t\t\t\t\t\t<div class=\"elementor-container elementor-column-gap-default\">\n\t\t\t\t\t<div class=\"elementor-column elementor-col-100 elementor-top-column elementor-element elementor-element-5fcad5c5\" data-id=\"5fcad5c5\" data-element_type=\"column\" data-e-type=\"column\">\n\t\t\t<div class=\"elementor-widget-wrap elementor-element-populated\">\n\t\t\t\t\t\t<div class=\"elementor-element elementor-element-119c7e98 elementor-widget elementor-widget-text-editor\" data-id=\"119c7e98\" data-element_type=\"widget\" data-e-type=\"widget\" data-widget_type=\"text-editor.default\">\n\t\t\t\t<div class=\"elementor-widget-container\">\n\t\t\t\t\t\t\t\t\t\n<ul class=\"wp-block-list\">\n<li>K\u00f8kkenet afleveres ren gjort med alt benyttet k\u00f8kkeninventar ren vaske og p\u00e5 plads.<\/li>\n<li>Gulvet i k\u00f8kken og anretterk\u00f8kken vaskes.<\/li>\n<li>Opvaskemaskinen t\u00f8mmes for vand og evt. madrester.<\/li>\n<li>K\u00f8leskabe og fryser t\u00f8mmes.<\/li>\n<li>Toiletterne skal afleveres ryddet, ren gjort og gulvene vaskes. Papirkurve og damespande SKAL t\u00f8mmes.<\/li>\n<li>Se efter om alle vandhane er slukket.<\/li>\n<li>Bordene i salene skal t\u00f8rres af, stolene stables og s\u00e6ttes til siden. Gulvene fejres og vaskes efter anvisning med JUNCKERS GULVS\u00c6BE.<\/li>\n<li>Er der flyttes borde og stole i andre lokaler, skal de stilles p\u00e5 plads igen inden huset forlades.<\/li>\n<li>Det er IKKE tilladt at smide glas, papir, pap, d\u00e5ser og MADAFFALD i affaldscontaineren.<\/li>\n<li>Glas\/flasker kan afleveres i affalds \u00f8 p\u00e5 parkeringsplads.<\/li>\n<li>D\u00e5ser skal tages med hjem.<\/li>\n<li>Det er kun tilladt, at bruge den store affaldscontainer til restaffald, hvis dette IKKE overholdes efter sendes evt. regning fra renovation Hedensted kommune til lejeren.<\/li>\n<li>Madaffald skal uden andet skrald i den tilh\u00f8rende spand.<\/li>\n<\/ul>\n\n<p><strong>Lejer bedes selv medbringe:<\/strong><\/p>\n\n<ul class=\"wp-block-list\">\n<li>Toiletpapir, h\u00e5nds\u00e6be, affaldsposer\/ s\u00e6kke, viskestykker, karklude.<\/li>\n<li>Evt k\u00f8kkenkniv til udsk\u00e6ring af stege&#8230;.<\/li>\n<li>Duge og bordpynt<\/li>\n<li>Staniol, husholdningsfilm til evt overskydende mad.<\/li>\n<li>H\u00e5ndkl\u00e6der til toiletter<\/li>\n<\/ul>\n\n<p>\u00a0<\/p>\n\t\t\t\t\t\t\t\t<\/div>\n\t\t\t\t<\/div>\n\t\t\t\t\t<\/div>\n\t\t<\/div>\n\t\t\t\t\t<\/div>\n\t\t<\/section>\n\t\t\t\t<\/div>\n\t\t","protected":false},"excerpt":{"rendered":"<p>K\u00f8kkenet afleveres ren gjort med alt benyttet k\u00f8kkeninventar ren vaske og p\u00e5 plads. Gulvet i k\u00f8kken og anretterk\u00f8kken vaskes. Opvaskemaskinen t\u00f8mmes for vand og evt. madrester. K\u00f8leskabe og fryser t\u00f8mmes. Toiletterne skal afleveres ryddet, ren gjort og gulvene vaskes. Papirkurve og damespande SKAL t\u00f8mmes. Se efter om alle vandhane er slukket. Bordene i salene skal [&hellip;]<\/p>\n","protected":false},"author":1,"featured_media":0,"parent":0,"menu_order":0,"comment_status":"closed","ping_status":"closed","template":"","meta":{"footnotes":""},"class_list":["post-216","page","type-page","status-publish","hentry"],"_links":{"self":[{"href":"https:\/\/hornborgforsamlingshus.dk\/index.php?rest_route=\/wp\/v2\/pages\/216","targetHints":{"allow":["GET"]}}],"collection":[{"href":"https:\/\/hornborgforsamlingshus.dk\/index.php?rest_route=\/wp\/v2\/pages"}],"about":[{"href":"https:\/\/hornborgforsamlingshus.dk\/index.php?rest_route=\/wp\/v2\/types\/page"}],"author":[{"embeddable":true,"href":"https:\/\/hornborgforsamlingshus.dk\/index.php?rest_route=\/wp\/v2\/users\/1"}],"replies":[{"embeddable":true,"href":"https:\/\/hornborgforsamlingshus.dk\/index.php?rest_route=%2Fwp%2Fv2%2Fcomments&post=216"}],"version-history":[{"count":15,"href":"https:\/\/hornborgforsamlingshus.dk\/index.php?rest_route=\/wp\/v2\/pages\/216\/revisions"}],"predecessor-version":[{"id":370,"href":"https:\/\/hornborgforsamlingshus.dk\/index.php?rest_route=\/wp\/v2\/pages\/216\/revisions\/370"}],"wp:attachment":[{"href":"https:\/\/hornborgforsamlingshus.dk\/index.php?rest_route=%2Fwp%2Fv2%2Fmedia&parent=216"}],"curies":[{"name":"wp","href":"https:\/\/api.w.org\/{rel}","templated":true}]}}