{"id":213,"date":"2021-04-10T14:19:13","date_gmt":"2021-04-10T14:19:13","guid":{"rendered":"https:\/\/hornborgforsamlingshus.dk\/?page_id=213"},"modified":"2021-04-10T14:19:13","modified_gmt":"2021-04-10T14:19:13","slug":"ordensregler","status":"publish","type":"page","link":"https:\/\/hornborgforsamlingshus.dk\/?page_id=213","title":{"rendered":"Ordensregler"},"content":{"rendered":"\n<ul class=\"wp-block-list\"><li>Udlejning af forsamlingshuset kan kun ske til personer, der er fyldt 21 \u00e5r, og vi forbeholder os retten til ikke at udleje huset til ungdomsfester.<\/li><li>Lejem\u00e5l str\u00e6kker sig over 1 d\u00f8gn eller efter n\u00e6rmere aftale.<\/li><li>Af hensyn til forsamlingshusets naboer SKAL vinduer og d\u00f8re holdes lukket efter kl. 24.<\/li><li>Der M\u00c5 IKKE overnattes i Forsamlingshuset.<\/li><li>Det er IKKE tilladt at ryge i Forsamlingshuset.<\/li><li>Lejeren er ansvarlig for Forsamlingshuset, og h\u00e6fter for evt. beskadigelser p\u00e5 bygningerne og inventar i tidsrummet for lejem\u00e5let, Huset skal forlades som det er modtaget.<\/li><li>I tilf\u00e6lde af mislighold tilbagebeholdes det resterende af depositum. Evt. yderligere erstatningskrav stilles, hvis depositum ikke d\u00e6kker udgifterne til udbedring af div. skader.<\/li><li>Myndighederne har strenge krav til brandsikkerheden. Flugtveje og gange m\u00e5 IKKE blokeres eller bruges til opbevaring.<\/li><li>Oplagring af varer i Forsamlingshuset er for lejerens egen regning og risiko.<\/li><li>Den underskrevene lejeaftale returneres til udlejer senest 14 dage efter modtagelse. Det fulde lejebel\u00f8b betales senest 14 dage efter lejeaftale er modtaget.<\/li><li>Vedr. udlevering samt returnering af n\u00f8gler, vil der inden lejem\u00e5lets begyndelse bliver lavet n\u00e6rmere aftale med enten udlejer eller en anden person fra Forsamlingshusets bestyrelse.<\/li><\/ul>\n\n\n\n<p><\/p>\n","protected":false},"excerpt":{"rendered":"<p>Udlejning af forsamlingshuset kan kun ske til personer, der er fyldt 21 \u00e5r, og vi forbeholder os retten til ikke at udleje huset til ungdomsfester. Lejem\u00e5l str\u00e6kker sig over 1 d\u00f8gn eller efter n\u00e6rmere aftale. Af hensyn til forsamlingshusets naboer SKAL vinduer og d\u00f8re holdes lukket efter kl. 24. Der M\u00c5 IKKE overnattes i Forsamlingshuset. [&hellip;]<\/p>\n","protected":false},"author":1,"featured_media":0,"parent":0,"menu_order":0,"comment_status":"closed","ping_status":"closed","template":"","meta":{"footnotes":""},"class_list":["post-213","page","type-page","status-publish","hentry"],"_links":{"self":[{"href":"https:\/\/hornborgforsamlingshus.dk\/index.php?rest_route=\/wp\/v2\/pages\/213","targetHints":{"allow":["GET"]}}],"collection":[{"href":"https:\/\/hornborgforsamlingshus.dk\/index.php?rest_route=\/wp\/v2\/pages"}],"about":[{"href":"https:\/\/hornborgforsamlingshus.dk\/index.php?rest_route=\/wp\/v2\/types\/page"}],"author":[{"embeddable":true,"href":"https:\/\/hornborgforsamlingshus.dk\/index.php?rest_route=\/wp\/v2\/users\/1"}],"replies":[{"embeddable":true,"href":"https:\/\/hornborgforsamlingshus.dk\/index.php?rest_route=%2Fwp%2Fv2%2Fcomments&post=213"}],"version-history":[{"count":1,"href":"https:\/\/hornborgforsamlingshus.dk\/index.php?rest_route=\/wp\/v2\/pages\/213\/revisions"}],"predecessor-version":[{"id":214,"href":"https:\/\/hornborgforsamlingshus.dk\/index.php?rest_route=\/wp\/v2\/pages\/213\/revisions\/214"}],"wp:attachment":[{"href":"https:\/\/hornborgforsamlingshus.dk\/index.php?rest_route=%2Fwp%2Fv2%2Fmedia&parent=213"}],"curies":[{"name":"wp","href":"https:\/\/api.w.org\/{rel}","templated":true}]}}